{"id":92,"date":"2025-07-25T12:42:50","date_gmt":"2025-07-25T10:42:50","guid":{"rendered":"https:\/\/mwoon.co\/?page_id=92"},"modified":"2025-08-06T12:56:36","modified_gmt":"2025-08-06T10:56:36","slug":"about-imprint","status":"publish","type":"page","link":"https:\/\/mwoon.co\/?page_id=92","title":{"rendered":"About \/ Imprint"},"content":{"rendered":"\n<p>ABOUT<br><br>M Woon Fine Handmade Bicycles are built to order, (mostly) one at a time, by Michael Woon.  Each frame is designed collaboratively with its rider, to meet any need or purpose, to last a lifetime. More on this here (link).<br><br>M Woon frames, as well as the content of this website, are produced by Reference Cycles UG (haftungsbeschr\u00e4nkt). <\/p>\n\n\n\n<hr class=\"wp-block-separator has-alpha-channel-opacity\"\/>\n\n\n\n<p>IMPRESSUM<br><br>Reference Cycles UG (haftungsbeschr\u00e4nkt)<br>K\u00f6nigsberger Str. 1a<br>85570 Markt Schwaben<br><br>Gesch\u00e4ftsf\u00fchrer: Michael Woon<br>+49 179 463 9763<br>mwoon@reference-cycles.com<br><br>Registernummer: HRB 285201 (Amtsgericht M\u00fcnchen)<br>UST-ID: DE361368934<\/p>\n\n\n\n<p><\/p>\n\n\n\n<p><\/p>\n","protected":false},"excerpt":{"rendered":"<p>ABOUT M Woon Fine Handmade Bicycles are built to order, (mostly) one at a time, by Michael Woon. Each frame is designed collaboratively with its rider, to meet any need or purpose, to last a lifetime. More on this here (link). M Woon frames, as well as the content of this website, are produced by [&hellip;]<\/p>\n","protected":false},"author":1,"featured_media":0,"parent":0,"menu_order":0,"comment_status":"closed","ping_status":"closed","template":"wp-custom-template-page","meta":{"footnotes":""},"class_list":["post-92","page","type-page","status-publish","hentry"],"_links":{"self":[{"href":"https:\/\/mwoon.co\/index.php?rest_route=\/wp\/v2\/pages\/92","targetHints":{"allow":["GET"]}}],"collection":[{"href":"https:\/\/mwoon.co\/index.php?rest_route=\/wp\/v2\/pages"}],"about":[{"href":"https:\/\/mwoon.co\/index.php?rest_route=\/wp\/v2\/types\/page"}],"author":[{"embeddable":true,"href":"https:\/\/mwoon.co\/index.php?rest_route=\/wp\/v2\/users\/1"}],"replies":[{"embeddable":true,"href":"https:\/\/mwoon.co\/index.php?rest_route=%2Fwp%2Fv2%2Fcomments&post=92"}],"version-history":[{"count":3,"href":"https:\/\/mwoon.co\/index.php?rest_route=\/wp\/v2\/pages\/92\/revisions"}],"predecessor-version":[{"id":138,"href":"https:\/\/mwoon.co\/index.php?rest_route=\/wp\/v2\/pages\/92\/revisions\/138"}],"wp:attachment":[{"href":"https:\/\/mwoon.co\/index.php?rest_route=%2Fwp%2Fv2%2Fmedia&parent=92"}],"curies":[{"name":"wp","href":"https:\/\/api.w.org\/{rel}","templated":true}]}}