{"id":95,"date":"2025-07-25T12:45:06","date_gmt":"2025-07-25T10:45:06","guid":{"rendered":"https:\/\/mwoon.co\/?page_id=95"},"modified":"2025-09-22T11:11:36","modified_gmt":"2025-09-22T09:11:36","slug":"tc-agb","status":"publish","type":"page","link":"https:\/\/mwoon.co\/?page_id=95","title":{"rendered":"Terms and Conditions \/ Allgemeine Gesch\u00e4ftsbedingungen"},"content":{"rendered":"\n<ol class=\"wp-block-list\">\n<li>DIENSTANBIETER \/ VERTRAGSPARTNER<\/li>\n<\/ol>\n\n\n\n<p>Reference Cycles UG (haftungsbeschr\u00e4nkt)        &#8211; nachstehend auch &#8220;Auftragnehmer&#8221; gennant &#8211;<br>Gesch\u00e4ftsf\u00fchrer: Michael Woon<br>+49 179 463 9763<br>mwoon@reference-cycles.com<br><br>Registernummer: HRB 285201 (Amtsgericht M\u00fcnchen)<br>UST-ID: DE361368934<\/p>\n\n\n\n<ol start=\"2\" class=\"wp-block-list\">\n<li>ANWENDUNGSBEREICH<\/li>\n<\/ol>\n\n\n\n<p>Die nachfolgenden Allgemeinen Gesch\u00e4ftsbedingungen (AGB) gelten f\u00fcr alle Vertr\u00e4ge, die ein Verbraucher oder ein Unternehmer \u00fcber Produkte oder Dienstleistungen mit Reference Cycles UG (haftungsbeschr\u00e4nkt) abschlie\u00dft.<br><br>Verbraucher ist jede nat\u00fcrliche Person, die ein Rechtsgesch\u00e4ft zu Zwecken des pers\u00f6nlichen, nicht gewerbs- oder berufsm\u00e4ssigen Gebrauchs abschlie\u00dft (\u00a7 13 BGB). Unternehmer ist jede nat\u00fcrliche oder juristische Person, die bei Abschluss eines Rechtsgesch\u00e4ftes in Aus\u00fcbung ihrer gewerblichen oder selbst\u00e4ndigen beruflichen T\u00e4tigkeit handelt.<\/p>\n\n\n\n<ol start=\"3\" class=\"wp-block-list\">\n<li>ERF\u00dcLLUNGSORT<\/li>\n<\/ol>\n\n\n\n<p>Erf\u00fcllungsort ist die Produktionswerkstatt der Firma Reference Cycles UG (haftungsbeschr\u00e4nkt).<\/p>\n\n\n\n<ol start=\"4\" class=\"wp-block-list\">\n<li>GARANTIE \/ GEW\u00c4HRLEISTUNG<\/li>\n<\/ol>\n\n\n\n<p>F\u00fcr neue Rahmen und Rahmen-Reparaturarbeit gilt eine Garantie bis 10 Jahre ab Lieferdatum, f\u00fcr den Erstk\u00e4ufer. Sie umfasst Sch\u00e4den, die auf Material- und Verarbeitungsfehler zur\u00fcckzuf\u00fchren sind. Jegliche Beschichtung der Rahmen oder Teile ist von der Garantie ausgenommen. <strong>Das Befolgen der Bedienungs- und Wartungsanleitung ist unbedingte Voraussetzung f\u00fcr die unten aufgef\u00fchrten Garantieleistungen<\/strong>.<br><br>F\u00fcr Gebrauchtartikel und Fahrrad-Service betr\u00e4gt die Gew\u00e4hrleistungsfrist 1 Jahr.<br><br>Ist die Nacherf\u00fcllung fehlgeschlagen und tritt der Kunde deshalb vom Vertrag zur\u00fcck, m\u00fcssen beide Parteien die empfangenen Leistungen hergeben. Hat der K\u00e4ufer die gekaufte Ware benutzt, muss er f\u00fcr diese Benutzung Ersatz leisten (\u00a7 346 BGB). Der vom Auftragnehmer zu erstattende Kaufpreis wird um diesen Betrag gemindert.<\/p>\n\n\n\n<ol start=\"5\" class=\"wp-block-list\">\n<li>EIGENTUMSVORBEHALT<\/li>\n<\/ol>\n\n\n\n<p>Die Ware bleibt im Eigentum von Auftragnehmer bis zur Erf\u00fcllung s\u00e4mtlicher aus diesem Vertrag gegen den Kunden zustehenden Anspr\u00fcche.<\/p>\n\n\n\n<ol start=\"6\" class=\"wp-block-list\">\n<li>SCHADENERSATZ BEI NICHTERF\u00dcLLUNG DURCH DEN KUNDEN<\/li>\n<\/ol>\n\n\n\n<p>Tritt der Auftragnehmer vom Vertrag zur\u00fcck, weil der Kunde die Zahlungsbedingungen nicht erf\u00fcllt, verf\u00e4llt die Anzahlung und schuldet der Kunde zuz\u00fcglich den Wert der in den Vertrag investierten Teile, Materialien und Arbeitsleistungen als pauschalen Schadensersatz.<\/p>\n\n\n\n<ol start=\"7\" class=\"wp-block-list\">\n<li>FERTIGSTELLUNG<\/li>\n<\/ol>\n\n\n\n<p>In der Regel sind Liefertermine unverbindlich und k\u00f6nnen sich \u00e4ndern, da die Produktion immer von den Zulieferern abh\u00e4ngt. Die besten Sch\u00e4tzungen und \u00c4nderungen werden dem Kunden klar und so fr\u00fch wie m\u00f6glich mitgeteilt.<\/p>\n\n\n\n<ol start=\"8\" class=\"wp-block-list\">\n<li>ABNAHME \/ ANNAHMEVERZUG<\/li>\n<\/ol>\n\n\n\n<p>Die Abnahme der Auftragsartikel erfolgt durch den Kunden in der Produktionswerkstatt des Auftragnehmers, soweit nichts anderes vereinbart ist. Auf Verlangen und Kosten des Kunden wird der Auftragsgegenstand an einen anderen Bestimmungsort versandt oder von einem anderen Ort abgeholt. Soweit nicht etwas anderes vereinbart ist, ist der Auftragnehmer berechtigt, die Art der Versendung \/ Abholung (insbesondere Transportunternehmen, Versandweg, Verpackung) selbst zu bestimmen.<br><br>Die Gefahr des zuf\u00e4lligen Untergangs und der zuf\u00e4lligen Verschlechterung des Auftragsgegenstandes geht sp\u00e4testens mit der Abnahme auf den Auftraggeber \u00fcber. Bei Versendung geht jedoch die Gefahr des zuf\u00e4lligen Untergangs und der zuf\u00e4lligen Verschlechterung des Auftragsgegenstandes sowie die erz\u00f6gerungsgefahr bereits mit Auslieferung des Auftragsgegenstandes an den Spediteur, den Frachtf\u00fchrer oder die sonst zur Ausf\u00fchrung oder Versendung bestimmte Person oder Anstalt \u00fcber. Soweit allerdings eine Abnahme vereinbart ist, ist diese f\u00fcr den Gefahr\u00fcbergang ma\u00dfgebend. Der Abnahme steht es gleich, wenn der K\u00e4ufer im Verzug der Annahme ist.<\/p>\n\n\n\n<ol start=\"9\" class=\"wp-block-list\">\n<li>ZAHLUNGSBEDINGUNGEN<\/li>\n<\/ol>\n\n\n\n<p>Zahlungen sind vor Abholung \/ Versand \u2013 ohne Skonto oder sonstige Nachl\u00e4sse \u2013 zu leisten. Ist die Zahlung nicht innerhalb der in der Zahlungsaufforderung festgelegten Frist erfolgt, gilt der Kunde als in Verzug.<br><br>Der Werklohn ist w\u00e4hrend des Verzuges zum jeweils geltenden Verzugszins zu verzinsen. Die Geltendmachung eines dar\u00fcber hinausgehenden Verzugsschadens bleibt hiervon unber\u00fchrt.<br><br>Gegen Anspr\u00fcche des Auftragnehmers kann der Auftraggeber nur dann aufrechnen, wenn die Gegenforderung des Auftraggebers unbestritten ist oder ein rechtskr\u00e4ftiger Titel vorliegt; ein Zur\u00fcckbehaltungsrecht kann er nur geltend machen, soweit es auf Anspr\u00fcchen aus dem Auftrag beruht.<br><br>Der Auftragnehmer ist berechtigt, bei der Auftragserteilung eine angemessene Vorauszahlung zu verlangen; diese muss aber mit dem Auftraggeber jeweils im Einzelfall vereinbart werden.<\/p>\n\n\n\n<ol start=\"10\" class=\"wp-block-list\">\n<li>ERWEITERTES PFANDRECHT<\/li>\n<\/ol>\n\n\n\n<p>Dem Auftragnehmer steht wegen seiner Forderung aus dem Werkstattauftrag ein vertragliches Pfandrecht an den auf Grund des Auftrags in seinen Besitz gelangten Gegenst\u00e4nden des Auftraggebers zu. Das vertragliche Pfandrecht kann auch wegen Forderungen aus fr\u00fcher durchgef\u00fchrten Arbeiten und sonstigen Leistungen geltend gemacht werden, soweit sie mit dem Auftragsgegenstand in Zusammenhang stehen. F\u00fcr sonstige Anspr\u00fcche aus der Gesch\u00e4ftsverbindung gilt das vertragliche Pfandrecht nur, soweit diese unbestritten sind oder ein rechtskr\u00e4ftiger Titel vorliegt und der Auftragsgegenstand dem Auftraggeber geh\u00f6rt.<\/p>\n\n\n\n<ol start=\"14\" class=\"wp-block-list\">\n<li>M\u00c4NGEL<\/li>\n<\/ol>\n\n\n\n<p>M\u00e4ngel des \/ der Auftrags -gegenst\u00e4ndes oder -arbeit sollen dem Auftragnehmer unverz\u00fcglich nach der Feststellung angezeigt und genau bezeichnet werden.<br><br>Anspr\u00fcche auf M\u00e4ngelbeseitigung hat der Auftraggeber bei dem Auftragnehmer geltend zu machen. Ersetzte Teile werden Eigentum vom AUftragnehmer.<br><br>Bei arglistigem Verschweigen von M\u00e4ngeln oder der \u00dcbernahme einer Garantie f\u00fcr die Beschaffenheit bleiben weitergehende Anspr\u00fcche unber\u00fchrt.<br><br>Wenn der Mangel nicht beseitigt werden kann oder f\u00fcr den Auftraggeber ein weiterer Versuch der Mangelbeseitigung unzumutbar ist, kann der Auftraggeber anstelle der Mangelbeseitigung nach den gesetzlichen Vorschriften Herabsetzung der Verg\u00fctung oder Schadenersatz verlangen oder von dem Auftrag zur\u00fccktreten. Die Regelungen der \u00a7 16 der AGB bleiben unber\u00fchrt.<\/p>\n\n\n\n<ol start=\"15\" class=\"wp-block-list\">\n<li>FREMDTEILEINBAU, PROVISORISCHE REPARATUREN<\/li>\n<\/ol>\n\n\n\n<p>Die in den allgemeinen Gesch\u00e4ftsbedingungen festgelegten Regelungen zu Garantie und Gew\u00e4hrleistung gelten ausdr\u00fccklich nicht bei provisorischen\/behelfsm\u00e4\u00dfigen Reparaturen und Instandsetzungen auf ausdr\u00fccklichen Wunsch des Auftraggebers, sowie im Fall des Fremdteileinbaus.<br><br>Der Auftragnehmer \u00fcbernimmt in diesen F\u00e4llen keine Haftung, insbesondere auch nicht f\u00fcr Folgesch\u00e4den, die der Kunde durch die nicht nach den \u00fcblichen Wertma\u00dfst\u00e4ben erfolgte Reparatur oder die eventuelle Mangelhaftigkeit der Fremdteile oder deren Einbau erleidet. Eine Haftung nach \u00a7 16 der AGB bleibt hiervon unber\u00fchrt.<\/p>\n\n\n\n<ol start=\"16\" class=\"wp-block-list\">\n<li>HAFTUNG<\/li>\n<\/ol>\n\n\n\n<p>Der Auftragnehmer haftet f\u00fcr einen von ihm, seinen gesetzlichen Vertretern oder Betriebsangeh\u00f6rigen verursachten Schaden grunds\u00e4tzlich nur bei Vorsatz und grober Fahrl\u00e4ssigkeit. Bei einfacher Fahrl\u00e4ssigkeit haftet der Auftragnehmer nur:<\/p>\n\n\n\n<ul class=\"wp-block-list\">\n<li>f\u00fcr Sch\u00e4den aus der Verletzung des Lebens, des K\u00f6rpers oder der Gesundheit.<\/li>\n\n\n\n<li>bei Verletzung wesentlicher Vertragspflichten (Verpflichtungen, deren Erf\u00fcllung die ordnungsgem\u00e4\u00dfe Durchf\u00fchrung des Vertrages \u00fcberhaupt erst erm\u00f6glicht und auf deren Einhaltung der Auftraggeber regelm\u00e4\u00dfig vertraut und vertrauen darf). In diesem Fall ist die Haftung des Auftraggebers auf den bei Vertragsabschluss typischerweise vorhersehbaren Schaden beschr\u00e4nkt.<\/li>\n<\/ul>\n\n\n\n<p>Unabh\u00e4ngig von einem Verschulden vom Auftragnehmer bleibt eine etwaige Haftung vom Auftragnehmer bei arglistigem Verschweigen des Mangels, aus der \u00dcbernahme einer Garantie oder eines Beschaffungsrisikos und nach dem Produkthaftungsgesetz unber\u00fchrt. Der Auftragnehmer hat etwaige Sch\u00e4den an dem Auftragsgegenstand und\/oder einen Verlust des Auftragsgegenstandes, solange sich dieser in seiner Obhut befindet, unverz\u00fcglich dem Auftraggeber anzuzeigen.<br><br>Der Auftraggeber ist verpflichtet, jeden Schaden, f\u00fcr den der Auftragnehmer aufkommen soll, unverz\u00fcglich dem Auftragnehmer anzuzeigen und genau zu bezeichnen.<br><br>F\u00fcr durch einen Mangel des Auftragsgegenstandes verursachten Schaden haftet der Auftraggeber nicht, wenn er den Schaden nicht zu vertreten hat.<\/p>\n\n\n\n<ol start=\"17\" class=\"wp-block-list\">\n<li>SCHLUSSBESTIMMUNGEN<\/li>\n<\/ol>\n\n\n\n<p>F\u00fcr s\u00e4mtliche gegenw\u00e4rtigen und zuk\u00fcnftigen Anspr\u00fcche aus der Gesch\u00e4ftsverbindung (einschlie\u00dflich Wechsel- und Scheckforderungen) mit Kaufleuten, juristischen Personen des \u00f6ffentlichen Rechts oder ein \u00f6ffentlich rechtliches Sonderverm\u00f6gen und handeln diese in dieser Eigenschaft ist ausschlie\u00dflicher Gerichtsstand der Hauptsitz des Auftragnehmers: Reference Cycles UG (haftungsbeschr\u00e4nkt), Amtsgericht M\u00fcnchen.<br><br>Der gleiche Gerichtsstand gilt, wenn der Auftraggeber keinen allgemeinen Gerichtsstand im Inland hat, nach Vertragsabschluss seinen Wohnsitz oder gew\u00f6hnlichen Aufenthaltsort aus dem Inland verlegt oder sein Wohnsitz oder gew\u00f6hnlicher Aufenthaltsort zum Zeitpunkt der Klageerhebung nicht bekannt ist.<br><br>Wird der Vertrag schriftlich geschlossen, so bed\u00fcrfen Abweichungen oder Zus\u00e4tze gegen\u00fcber dem schriftlichen Vertragstext, die w\u00e4hrend der Vertragsverhandlungen oder bis zum Vertragsschluss getroffen werden oder getroffen worden sein sollen, zu ihrer Wirksamkeit der Schriftform. Nach Vertragsschluss getroffene Individualvereinbarungen werden hiervon nicht ber\u00fchrt.<br><br>Allgemeine Gesch\u00e4ftsbedingungen des Kunden haben keine Geltung.<br><br>Diese Allgemeine Gesch\u00e4ftsbedingungen sind zum Stand vom Oktober 2025.<br>Der Auftragnehmer ist verpflichtet, fr\u00fchere und aktuelle Kunden unverz\u00fcglich \u00fcber \u00c4nderungen der Gesch\u00e4ftsbedingungen zu informieren.<br><br>F\u00fcr Kunden gelten die zum Zeitpunkt des Vertragsabschlusses g\u00fcltigen Gesch\u00e4ftsbedingungen, sofern nichts anderes vereinbart wurde.<\/p>\n","protected":false},"excerpt":{"rendered":"<p>Reference Cycles UG (haftungsbeschr\u00e4nkt) &#8211; nachstehend auch &#8220;Auftragnehmer&#8221; gennant &#8211;Gesch\u00e4ftsf\u00fchrer: Michael Woon+49 179 463 9763mwoon@reference-cycles.com Registernummer: HRB 285201 (Amtsgericht M\u00fcnchen)UST-ID: DE361368934 Die nachfolgenden Allgemeinen Gesch\u00e4ftsbedingungen (AGB) gelten f\u00fcr alle Vertr\u00e4ge, die ein Verbraucher oder ein Unternehmer \u00fcber Produkte oder Dienstleistungen mit Reference Cycles UG (haftungsbeschr\u00e4nkt) abschlie\u00dft. Verbraucher ist jede nat\u00fcrliche Person, die ein Rechtsgesch\u00e4ft zu [&hellip;]<\/p>\n","protected":false},"author":1,"featured_media":0,"parent":0,"menu_order":9,"comment_status":"closed","ping_status":"closed","template":"wp-custom-template-page","meta":{"footnotes":""},"class_list":["post-95","page","type-page","status-publish","hentry"],"_links":{"self":[{"href":"https:\/\/mwoon.co\/index.php?rest_route=\/wp\/v2\/pages\/95","targetHints":{"allow":["GET"]}}],"collection":[{"href":"https:\/\/mwoon.co\/index.php?rest_route=\/wp\/v2\/pages"}],"about":[{"href":"https:\/\/mwoon.co\/index.php?rest_route=\/wp\/v2\/types\/page"}],"author":[{"embeddable":true,"href":"https:\/\/mwoon.co\/index.php?rest_route=\/wp\/v2\/users\/1"}],"replies":[{"embeddable":true,"href":"https:\/\/mwoon.co\/index.php?rest_route=%2Fwp%2Fv2%2Fcomments&post=95"}],"version-history":[{"count":8,"href":"https:\/\/mwoon.co\/index.php?rest_route=\/wp\/v2\/pages\/95\/revisions"}],"predecessor-version":[{"id":183,"href":"https:\/\/mwoon.co\/index.php?rest_route=\/wp\/v2\/pages\/95\/revisions\/183"}],"wp:attachment":[{"href":"https:\/\/mwoon.co\/index.php?rest_route=%2Fwp%2Fv2%2Fmedia&parent=95"}],"curies":[{"name":"wp","href":"https:\/\/api.w.org\/{rel}","templated":true}]}}