{"id":97,"date":"2025-07-25T12:45:42","date_gmt":"2025-07-25T10:45:42","guid":{"rendered":"https:\/\/mwoon.co\/?page_id=97"},"modified":"2025-09-22T11:11:13","modified_gmt":"2025-09-22T09:11:13","slug":"privacy-legal","status":"publish","type":"page","link":"https:\/\/mwoon.co\/?page_id=97","title":{"rendered":"Privacy \/ Data Policy \/ Disclaimer \/ Other Legal"},"content":{"rendered":"\n<p>This website does not record your data automatically. Cookies may be set to store site preferences and other session information.<br><br>Personal information is stored and used exclusively for communication, contracts, and other logistical or legal matters, only to the extent and for the duration permitted by law. It is never passed on to third parties.<br><br>The content and works on these pages are subject to German copyright law. The reproduction, distribution, and any kind of use require the written consent of the creator.<\/p>\n\n\n\n<hr class=\"wp-block-separator has-alpha-channel-opacity\"\/>\n\n\n\n<p>DATENSCHUTZ<br><br>Personenbezogene Daten werden ausschlie\u00dflich f\u00fcr die Kommunikation, Vertr\u00e4ge und andere logistische oder rechtliche Angelegenheiten gespeichert, und zwar nur in dem und f\u00fcr die gesetzlich zul\u00e4ssigen Umfang und Dauer. Sie werden niemals an Dritte weitergegeben.<\/p>\n\n\n\n<p>HAFTUNGSAUSSCHLUSS<br><br>Der Inhalt dieser Website kann Links zu fremden Websites  enthalten. Wir haben keinen Einfluss auf den Inhalt dieser externen Websites und k\u00f6nnen keine Haftung daf\u00fcr \u00fcbernehmen. F\u00fcr den Inhalt der verlinkten Seiten ist stets der jeweilige Anbieter oder Betreiber verantwortlich.<br><br>Soweit die Inhalte dieser Website Links zu externen Websites Dritter enthalten, wurden die verlinkten Seiten zum Zeitpunkt der Verlinkung auf m\u00f6gliche Rechtsverst\u00f6\u00dfe \u00fcberpr\u00fcft und nur dann verlinkt, wenn keine Rechtsverst\u00f6\u00dfe festgestellt wurden. Bei Bekanntwerden von Rechtsverst\u00f6\u00dfen werden wir solche Links umgehend entfernen.<\/p>\n\n\n\n<p>URHEBERRECHT<br><br>Die Inhalte und Werke auf diesen Seiten unterliegen dem deutschen Urheberrecht. Die Vervielf\u00e4ltigung, Verbreitung und jede Art der Verwendung von bed\u00fcrfen der schriftlichen Zustimmung des Erstellers.<\/p>\n\n\n\n<p><\/p>\n","protected":false},"excerpt":{"rendered":"<p>This website does not record your data automatically. Cookies may be set to store site preferences and other session information. Personal information is stored and used exclusively for communication, contracts, and other logistical or legal matters, only to the extent and for the duration permitted by law. It is never passed on to third parties. [&hellip;]<\/p>\n","protected":false},"author":1,"featured_media":0,"parent":0,"menu_order":10,"comment_status":"closed","ping_status":"closed","template":"wp-custom-template-page","meta":{"footnotes":""},"class_list":["post-97","page","type-page","status-publish","hentry"],"_links":{"self":[{"href":"https:\/\/mwoon.co\/index.php?rest_route=\/wp\/v2\/pages\/97","targetHints":{"allow":["GET"]}}],"collection":[{"href":"https:\/\/mwoon.co\/index.php?rest_route=\/wp\/v2\/pages"}],"about":[{"href":"https:\/\/mwoon.co\/index.php?rest_route=\/wp\/v2\/types\/page"}],"author":[{"embeddable":true,"href":"https:\/\/mwoon.co\/index.php?rest_route=\/wp\/v2\/users\/1"}],"replies":[{"embeddable":true,"href":"https:\/\/mwoon.co\/index.php?rest_route=%2Fwp%2Fv2%2Fcomments&post=97"}],"version-history":[{"count":9,"href":"https:\/\/mwoon.co\/index.php?rest_route=\/wp\/v2\/pages\/97\/revisions"}],"predecessor-version":[{"id":151,"href":"https:\/\/mwoon.co\/index.php?rest_route=\/wp\/v2\/pages\/97\/revisions\/151"}],"wp:attachment":[{"href":"https:\/\/mwoon.co\/index.php?rest_route=%2Fwp%2Fv2%2Fmedia&parent=97"}],"curies":[{"name":"wp","href":"https:\/\/api.w.org\/{rel}","templated":true}]}}